{"id":91,"date":"2025-11-24T21:02:02","date_gmt":"2025-11-24T21:02:02","guid":{"rendered":"https:\/\/www2.lubenia-biblioteka.pl\/?page_id=91"},"modified":"2025-11-24T21:07:26","modified_gmt":"2025-11-24T21:07:26","slug":"posty","status":"publish","type":"page","link":"https:\/\/www2.lubenia-biblioteka.pl\/index.php\/posty\/","title":{"rendered":"posty"},"content":{"rendered":"\t\t<div data-elementor-type=\"wp-page\" data-elementor-id=\"91\" class=\"elementor elementor-91\" data-elementor-post-type=\"page\">\n\t\t\t\t<div class=\"elementor-element elementor-element-c63d6fe e-flex e-con-boxed e-con e-parent\" data-id=\"c63d6fe\" data-element_type=\"container\">\n\t\t\t\t\t<div class=\"e-con-inner\">\n\t\t<div class=\"elementor-element elementor-element-2beb8d8 e-con-full e-flex e-con e-child\" data-id=\"2beb8d8\" data-element_type=\"container\">\n\t\t\t\t<\/div>\n\t\t<div class=\"elementor-element elementor-element-f024063 e-con-full e-flex e-con e-child\" data-id=\"f024063\" data-element_type=\"container\">\n\t\t\t\t<div class=\"elementor-element elementor-element-7d27e71 elementor-widget elementor-widget-contentviews_widget_list1\" data-id=\"7d27e71\" data-element_type=\"widget\" data-widget_type=\"contentviews_widget_list1.default\">\n\t\t\t\t<div class=\"elementor-widget-container\">\n\t\t\t\t\t<div class='pt-cv-wrapper'> <h1 class='pt-cv-heading-container heading1' data-blockid='7d27e71'><span class='pt-cv-heading'> Heading <\/span><\/h1><div class=\"pt-cv-view pt-cv-blockgrid iscvblock iscvelementor list1 layout1\" id=\"pt-cv-view-7d27e71\"><div data-id=\"pt-cv-page-1\" class=\"pt-cv-page\" data-cvc=\"1\"><div class=\" pt-cv-content-item pt-cv-2-col\"  data-pid=\"984\"><div class=\"pt-cv-thumb-wrapper pull-left \"><a href=\"https:\/\/www2.lubenia-biblioteka.pl\/index.php\/2025\/12\/14\/swiateczne-spotkanie\/\" class=\"_self pt-cv-href-thumbnail pt-cv-thumb-left\" target=\"_self\" ><img decoding=\"async\" width=\"1024\" src=\"https:\/\/www2.lubenia-biblioteka.pl\/wp-content\/uploads\/2025\/12\/Jak-dzieci-swietuja-Boze-Narodzenie-na-calym-swiecie1-1086x1536-1.jpg\" class=\"pt-cv-thumbnail pull-left cvp-substitute\" alt=\"\u015awi\u0105teczne spotkanie\" title=\"\" \/><\/a><\/div>\n<div class=\"pt-cv-colwrap\"><div class=\"pt-cv-taxoterm above_title\"><a href='https:\/\/www2.lubenia-biblioteka.pl\/index.php\/category\/filia-straszydle\/' title='Filia Straszydle' class='pt-cv-tax-filia-straszydle'>Filia Straszydle<\/a><\/div><h4 class=\"pt-cv-title\"><a href=\"https:\/\/www2.lubenia-biblioteka.pl\/index.php\/2025\/12\/14\/swiateczne-spotkanie\/\" class=\"_self\" target=\"_self\" >\u015awi\u0105teczne spotkanie<\/a><\/h4><div class=\"pt-cv-content\"> ...<\/div><div class=\"pt-cv-rmwrap\"><a href=\"https:\/\/www2.lubenia-biblioteka.pl\/index.php\/2025\/12\/14\/swiateczne-spotkanie\/\" class=\"_self pt-cv-readmore btn btn-success\" target=\"_self\" >Dowiedz Si\u0119 Wi\u0119cej\u2026<\/a><\/div><div class=\"pt-cv-meta-fields\"><span class=\"entry-date\"> <time datetime=\"2025-12-14T16:03:53+00:00\">14 grudnia, 2025<\/time><\/span><span> \/ <\/span><span class=\"author\"> <a href=\"https:\/\/www2.lubenia-biblioteka.pl\/index.php\/author\/admin_khlrhepo\/\" rel=\"author\">admin<\/a><\/span><\/div><\/div><\/div>\n<div class=\" pt-cv-content-item pt-cv-2-col\"  data-pid=\"981\"><div class=\"pt-cv-thumb-wrapper pull-left \"><a href=\"https:\/\/www2.lubenia-biblioteka.pl\/index.php\/2025\/12\/14\/ksiazki-na-zimowe-wieczory\/\" class=\"_self pt-cv-href-thumbnail pt-cv-thumb-left\" target=\"_self\" ><img decoding=\"async\" width=\"1024\" src=\"https:\/\/www2.lubenia-biblioteka.pl\/wp-content\/uploads\/2025\/12\/Zima-to-idealny-moment-by-zwolnic-tempo-i-siegnac-po-ksiazke-ktora-przeniesie-nas-w-inny-swiat3-1086x1536-1.jpg\" class=\"pt-cv-thumbnail pull-left cvp-substitute\" alt=\"Ksi\u0105\u017cki na zimowe wieczory\" title=\"\" \/><\/a><\/div>\n<div class=\"pt-cv-colwrap\"><div class=\"pt-cv-taxoterm above_title\"><a href='https:\/\/www2.lubenia-biblioteka.pl\/index.php\/category\/filia-straszydle\/' title='Filia Straszydle' class='pt-cv-tax-filia-straszydle'>Filia Straszydle<\/a><\/div><h4 class=\"pt-cv-title\"><a href=\"https:\/\/www2.lubenia-biblioteka.pl\/index.php\/2025\/12\/14\/ksiazki-na-zimowe-wieczory\/\" class=\"_self\" target=\"_self\" >Ksi\u0105\u017cki na zimowe wieczory<\/a><\/h4><div class=\"pt-cv-content\"> ...<\/div><div class=\"pt-cv-rmwrap\"><a href=\"https:\/\/www2.lubenia-biblioteka.pl\/index.php\/2025\/12\/14\/ksiazki-na-zimowe-wieczory\/\" class=\"_self pt-cv-readmore btn btn-success\" target=\"_self\" >Dowiedz Si\u0119 Wi\u0119cej\u2026<\/a><\/div><div class=\"pt-cv-meta-fields\"><span class=\"entry-date\"> <time datetime=\"2025-12-14T16:03:09+00:00\">14 grudnia, 2025<\/time><\/span><span> \/ <\/span><span class=\"author\"> <a href=\"https:\/\/www2.lubenia-biblioteka.pl\/index.php\/author\/admin_khlrhepo\/\" rel=\"author\">admin<\/a><\/span><\/div><\/div><\/div>\n<div class=\" pt-cv-content-item pt-cv-2-col\"  data-pid=\"978\"><div class=\"pt-cv-thumb-wrapper pull-left \"><a href=\"https:\/\/www2.lubenia-biblioteka.pl\/index.php\/2025\/12\/14\/mikolajki-w-bibliotece\/\" class=\"_self pt-cv-href-thumbnail pt-cv-thumb-left\" target=\"_self\" ><img fetchpriority=\"high\" decoding=\"async\" width=\"724\" height=\"1024\" src=\"https:\/\/www2.lubenia-biblioteka.pl\/wp-content\/uploads\/2025\/12\/Mikolajkowo-w-bibliotece1-1086x1536-1.jpg\" class=\"pt-cv-thumbnail pull-left\" alt=\"Miko\u0142ajki w bibliotece\" \/><\/a><\/div>\n<div class=\"pt-cv-colwrap\"><div class=\"pt-cv-taxoterm above_title\"><a href='https:\/\/www2.lubenia-biblioteka.pl\/index.php\/category\/filia-straszydle\/' title='Filia Straszydle' class='pt-cv-tax-filia-straszydle'>Filia Straszydle<\/a><\/div><h4 class=\"pt-cv-title\"><a href=\"https:\/\/www2.lubenia-biblioteka.pl\/index.php\/2025\/12\/14\/mikolajki-w-bibliotece\/\" class=\"_self\" target=\"_self\" >Miko\u0142ajki w bibliotece<\/a><\/h4><div class=\"pt-cv-content\"> ...<\/div><div class=\"pt-cv-rmwrap\"><a href=\"https:\/\/www2.lubenia-biblioteka.pl\/index.php\/2025\/12\/14\/mikolajki-w-bibliotece\/\" class=\"_self pt-cv-readmore btn btn-success\" target=\"_self\" >Dowiedz Si\u0119 Wi\u0119cej\u2026<\/a><\/div><div class=\"pt-cv-meta-fields\"><span class=\"entry-date\"> <time datetime=\"2025-12-14T16:02:07+00:00\">14 grudnia, 2025<\/time><\/span><span> \/ <\/span><span class=\"author\"> <a href=\"https:\/\/www2.lubenia-biblioteka.pl\/index.php\/author\/admin_khlrhepo\/\" rel=\"author\">admin<\/a><\/span><\/div><\/div><\/div>\n<div class=\" pt-cv-content-item pt-cv-2-col\"  data-pid=\"959\"><div class=\"pt-cv-thumb-wrapper pull-left \"><a href=\"https:\/\/www2.lubenia-biblioteka.pl\/index.php\/2025\/12\/14\/informacja-2\/\" class=\"_self pt-cv-href-thumbnail pt-cv-thumb-left\" target=\"_self\" ><img decoding=\"async\" width=\"724\" height=\"1024\" src=\"https:\/\/www2.lubenia-biblioteka.pl\/wp-content\/uploads\/2025\/12\/Biblioteka-nieczynna.jpg\" class=\"pt-cv-thumbnail pull-left\" alt=\"Informacja\" \/><\/a><\/div>\n<div class=\"pt-cv-colwrap\"><div class=\"pt-cv-taxoterm above_title\"><a href='https:\/\/www2.lubenia-biblioteka.pl\/index.php\/category\/filia-siedliska\/' title='Filia Siedliska' class='pt-cv-tax-filia-siedliska'>Filia Siedliska<\/a><\/div><h4 class=\"pt-cv-title\"><a href=\"https:\/\/www2.lubenia-biblioteka.pl\/index.php\/2025\/12\/14\/informacja-2\/\" class=\"_self\" target=\"_self\" >Informacja<\/a><\/h4><div class=\"pt-cv-content\"> ...<\/div><div class=\"pt-cv-rmwrap\"><a href=\"https:\/\/www2.lubenia-biblioteka.pl\/index.php\/2025\/12\/14\/informacja-2\/\" class=\"_self pt-cv-readmore btn btn-success\" target=\"_self\" >Dowiedz Si\u0119 Wi\u0119cej\u2026<\/a><\/div><div class=\"pt-cv-meta-fields\"><span class=\"entry-date\"> <time datetime=\"2025-12-14T15:37:44+00:00\">14 grudnia, 2025<\/time><\/span><span> \/ <\/span><span class=\"author\"> <a href=\"https:\/\/www2.lubenia-biblioteka.pl\/index.php\/author\/admin_khlrhepo\/\" rel=\"author\">admin<\/a><\/span><\/div><\/div><\/div>\n<div class=\" pt-cv-content-item pt-cv-2-col\"  data-pid=\"956\"><div class=\"pt-cv-thumb-wrapper pull-left \"><a href=\"https:\/\/www2.lubenia-biblioteka.pl\/index.php\/2025\/12\/14\/biblioterapia\/\" class=\"_self pt-cv-href-thumbnail pt-cv-thumb-left\" target=\"_self\" ><img decoding=\"async\" width=\"724\" height=\"1024\" src=\"https:\/\/www2.lubenia-biblioteka.pl\/wp-content\/uploads\/2025\/12\/Biblioterapia-12-2025.jpg\" class=\"pt-cv-thumbnail pull-left\" alt=\"Biblioterapia\" \/><\/a><\/div>\n<div class=\"pt-cv-colwrap\"><div class=\"pt-cv-taxoterm above_title\"><a href='https:\/\/www2.lubenia-biblioteka.pl\/index.php\/category\/filia-siedliska\/' title='Filia Siedliska' class='pt-cv-tax-filia-siedliska'>Filia Siedliska<\/a><\/div><h4 class=\"pt-cv-title\"><a href=\"https:\/\/www2.lubenia-biblioteka.pl\/index.php\/2025\/12\/14\/biblioterapia\/\" class=\"_self\" target=\"_self\" >Biblioterapia<\/a><\/h4><div class=\"pt-cv-content\"> ...<\/div><div class=\"pt-cv-rmwrap\"><a href=\"https:\/\/www2.lubenia-biblioteka.pl\/index.php\/2025\/12\/14\/biblioterapia\/\" class=\"_self pt-cv-readmore btn btn-success\" target=\"_self\" >Dowiedz Si\u0119 Wi\u0119cej\u2026<\/a><\/div><div class=\"pt-cv-meta-fields\"><span class=\"entry-date\"> <time datetime=\"2025-12-14T15:36:35+00:00\">14 grudnia, 2025<\/time><\/span><span> \/ <\/span><span class=\"author\"> <a href=\"https:\/\/www2.lubenia-biblioteka.pl\/index.php\/author\/admin_khlrhepo\/\" rel=\"author\">admin<\/a><\/span><\/div><\/div><\/div>\n<div class=\" pt-cv-content-item pt-cv-2-col\"  data-pid=\"953\"><div class=\"pt-cv-thumb-wrapper pull-left \"><a href=\"https:\/\/www2.lubenia-biblioteka.pl\/index.php\/2025\/12\/14\/informacja-dla-czytelnikow\/\" class=\"_self pt-cv-href-thumbnail pt-cv-thumb-left\" target=\"_self\" ><img loading=\"lazy\" decoding=\"async\" width=\"724\" height=\"1024\" src=\"https:\/\/www2.lubenia-biblioteka.pl\/wp-content\/uploads\/2025\/12\/Christmas.jpg\" class=\"pt-cv-thumbnail pull-left\" alt=\"Informacja dla czytelnik\u00f3w\" \/><\/a><\/div>\n<div class=\"pt-cv-colwrap\"><div class=\"pt-cv-taxoterm above_title\"><a href='https:\/\/www2.lubenia-biblioteka.pl\/index.php\/category\/filia-siedliska\/' title='Filia Siedliska' class='pt-cv-tax-filia-siedliska'>Filia Siedliska<\/a><\/div><h4 class=\"pt-cv-title\"><a href=\"https:\/\/www2.lubenia-biblioteka.pl\/index.php\/2025\/12\/14\/informacja-dla-czytelnikow\/\" class=\"_self\" target=\"_self\" >Informacja dla czytelnik\u00f3w<\/a><\/h4><div class=\"pt-cv-content\"> ...<\/div><div class=\"pt-cv-rmwrap\"><a href=\"https:\/\/www2.lubenia-biblioteka.pl\/index.php\/2025\/12\/14\/informacja-dla-czytelnikow\/\" class=\"_self pt-cv-readmore btn btn-success\" target=\"_self\" >Dowiedz Si\u0119 Wi\u0119cej\u2026<\/a><\/div><div class=\"pt-cv-meta-fields\"><span class=\"entry-date\"> <time datetime=\"2025-12-14T15:35:08+00:00\">14 grudnia, 2025<\/time><\/span><span> \/ <\/span><span class=\"author\"> <a href=\"https:\/\/www2.lubenia-biblioteka.pl\/index.php\/author\/admin_khlrhepo\/\" rel=\"author\">admin<\/a><\/span><\/div><\/div><\/div><\/div><\/div> <\/div> \t\t\t\t<\/div>\n\t\t\t\t<\/div>\n\t\t\t\t<\/div>\n\t\t\t\t\t<\/div>\n\t\t\t\t<\/div>\n\t\t\t\t<\/div>\n\t\t","protected":false},"excerpt":{"rendered":"<p>Heading aktualno\u015bci Nowo\u015bci &#8230;Dowiedz Si\u0119 Wi\u0119cej\u2026 24 listopada, 2025 \/ admin aktualno\u015bci Klub Ksi\u0105\u017cki dla dzieci Drodzy M\u0142odzi Czytelnicy!Serdecznie zapraszamy wszystkie ch\u0119tne osoby na kolejne spotkanie Dyskusyjnego Klubu Ksi\u0105\u017cki w naszej bibliotece.Tym razem porozmawiamy o pi\u0119knej &#8230;Dowiedz Si\u0119 Wi\u0119cej\u2026 24 listopada, 2025 \/ admin Uncategorized Dzie\u0144 Pluszowego Misia w przedszkolu &#8230;Dowiedz Si\u0119 Wi\u0119cej\u2026 24 listopada, [&hellip;]<\/p>\n","protected":false},"author":1,"featured_media":0,"parent":0,"menu_order":0,"comment_status":"closed","ping_status":"closed","template":"","meta":{"site-sidebar-layout":"default","site-content-layout":"","ast-site-content-layout":"default","site-content-style":"default","site-sidebar-style":"default","ast-global-header-display":"","ast-banner-title-visibility":"","ast-main-header-display":"","ast-hfb-above-header-display":"","ast-hfb-below-header-display":"","ast-hfb-mobile-header-display":"","site-post-title":"","ast-breadcrumbs-content":"","ast-featured-img":"","footer-sml-layout":"","theme-transparent-header-meta":"","adv-header-id-meta":"","stick-header-meta":"","header-above-stick-meta":"","header-main-stick-meta":"","header-below-stick-meta":"","astra-migrate-meta-layouts":"default","ast-page-background-enabled":"default","ast-page-background-meta":{"desktop":{"background-color":"var(--ast-global-color-5)","background-image":"","background-repeat":"repeat","background-position":"center center","background-size":"auto","background-attachment":"scroll","background-type":"","background-media":"","overlay-type":"","overlay-color":"","overlay-opacity":"","overlay-gradient":""},"tablet":{"background-color":"","background-image":"","background-repeat":"repeat","background-position":"center center","background-size":"auto","background-attachment":"scroll","background-type":"","background-media":"","overlay-type":"","overlay-color":"","overlay-opacity":"","overlay-gradient":""},"mobile":{"background-color":"","background-image":"","background-repeat":"repeat","background-position":"center center","background-size":"auto","background-attachment":"scroll","background-type":"","background-media":"","overlay-type":"","overlay-color":"","overlay-opacity":"","overlay-gradient":""}},"ast-content-background-meta":{"desktop":{"background-color":"var(--ast-global-color-4)","background-image":"","background-repeat":"repeat","background-position":"center center","background-size":"auto","background-attachment":"scroll","background-type":"","background-media":"","overlay-type":"","overlay-color":"","overlay-opacity":"","overlay-gradient":""},"tablet":{"background-color":"var(--ast-global-color-4)","background-image":"","background-repeat":"repeat","background-position":"center center","background-size":"auto","background-attachment":"scroll","background-type":"","background-media":"","overlay-type":"","overlay-color":"","overlay-opacity":"","overlay-gradient":""},"mobile":{"background-color":"var(--ast-global-color-4)","background-image":"","background-repeat":"repeat","background-position":"center center","background-size":"auto","background-attachment":"scroll","background-type":"","background-media":"","overlay-type":"","overlay-color":"","overlay-opacity":"","overlay-gradient":""}},"footnotes":""},"class_list":["post-91","page","type-page","status-publish","hentry"],"_links":{"self":[{"href":"https:\/\/www2.lubenia-biblioteka.pl\/index.php\/wp-json\/wp\/v2\/pages\/91","targetHints":{"allow":["GET"]}}],"collection":[{"href":"https:\/\/www2.lubenia-biblioteka.pl\/index.php\/wp-json\/wp\/v2\/pages"}],"about":[{"href":"https:\/\/www2.lubenia-biblioteka.pl\/index.php\/wp-json\/wp\/v2\/types\/page"}],"author":[{"embeddable":true,"href":"https:\/\/www2.lubenia-biblioteka.pl\/index.php\/wp-json\/wp\/v2\/users\/1"}],"replies":[{"embeddable":true,"href":"https:\/\/www2.lubenia-biblioteka.pl\/index.php\/wp-json\/wp\/v2\/comments?post=91"}],"version-history":[{"count":5,"href":"https:\/\/www2.lubenia-biblioteka.pl\/index.php\/wp-json\/wp\/v2\/pages\/91\/revisions"}],"predecessor-version":[{"id":98,"href":"https:\/\/www2.lubenia-biblioteka.pl\/index.php\/wp-json\/wp\/v2\/pages\/91\/revisions\/98"}],"wp:attachment":[{"href":"https:\/\/www2.lubenia-biblioteka.pl\/index.php\/wp-json\/wp\/v2\/media?parent=91"}],"curies":[{"name":"wp","href":"https:\/\/api.w.org\/{rel}","templated":true}]}}