{"id":1100,"date":"2026-01-02T11:01:43","date_gmt":"2026-01-02T11:01:43","guid":{"rendered":"https:\/\/www2.lubenia-biblioteka.pl\/?page_id=1100"},"modified":"2026-01-02T11:04:49","modified_gmt":"2026-01-02T11:04:49","slug":"stare-fotografie","status":"publish","type":"page","link":"https:\/\/www2.lubenia-biblioteka.pl\/index.php\/stare-fotografie\/","title":{"rendered":"stare fotografie"},"content":{"rendered":"\t\t<div data-elementor-type=\"wp-page\" data-elementor-id=\"1100\" class=\"elementor elementor-1100\" data-elementor-post-type=\"page\">\n\t\t\t\t<div class=\"elementor-element elementor-element-31821443 e-flex e-con-boxed e-con e-parent\" data-id=\"31821443\" data-element_type=\"container\">\n\t\t\t\t\t<div class=\"e-con-inner\">\n\t\t<div class=\"elementor-element elementor-element-6e0244b e-con-full e-flex e-con e-child\" data-id=\"6e0244b\" data-element_type=\"container\">\n\t\t\t\t<div class=\"elementor-element elementor-element-33a66c23 elementor-widget elementor-widget-shortcode\" data-id=\"33a66c23\" data-element_type=\"widget\" data-widget_type=\"shortcode.default\">\n\t\t\t\t\t\t\t<div class=\"elementor-shortcode\">\t\t<div data-elementor-type=\"container\" data-elementor-id=\"277\" class=\"elementor elementor-277\" data-elementor-post-type=\"elementor_library\">\n\t\t\t\t<div class=\"elementor-element elementor-element-d14d139 e-flex e-con-boxed e-con e-parent\" data-id=\"d14d139\" data-element_type=\"container\" data-settings=\"{&quot;background_background&quot;:&quot;classic&quot;}\">\n\t\t\t\t\t<div class=\"e-con-inner\">\n\t\t<div class=\"elementor-element elementor-element-034fa76 e-con-full e-flex e-con e-child\" data-id=\"034fa76\" data-element_type=\"container\" data-settings=\"{&quot;sticky&quot;:&quot;top&quot;,&quot;sticky_on&quot;:[&quot;desktop&quot;],&quot;sticky_offset&quot;:0,&quot;sticky_effects_offset&quot;:0,&quot;sticky_anchor_link_offset&quot;:0}\">\n\t\t\t\t<div class=\"elementor-element elementor-element-1a61458 elementor-widget__width-initial elementor-widget-mobile__width-initial elementor-widget elementor-widget-image\" data-id=\"1a61458\" data-element_type=\"widget\" data-widget_type=\"image.default\">\n\t\t\t\t\t\t\t\t\t\t\t\t\t\t\t\t<a href=\"https:\/\/www2.lubenia-biblioteka.pl\/\">\n\t\t\t\t\t\t\t<img decoding=\"async\" width=\"139\" height=\"150\" src=\"https:\/\/www2.lubenia-biblioteka.pl\/wp-content\/uploads\/2025\/11\/logo1lubeniaa1.jpg\" class=\"attachment-thumbnail size-thumbnail wp-image-794\" alt=\"\" \/>\t\t\t\t\t\t\t\t<\/a>\n\t\t\t\t\t\t\t\t\t\t\t\t\t\t\t<\/div>\n\t\t<a class=\"elementor-element elementor-element-3c7170b e-con-full e-flex e-con e-child\" data-id=\"3c7170b\" data-element_type=\"container\" href=\"https:\/\/www2.lubenia-biblioteka.pl\/index.php\/aktualnosci\/\">\n\t\t\t\t<div class=\"elementor-element elementor-element-4e007ee elementor-widget elementor-widget-heading\" data-id=\"4e007ee\" data-element_type=\"widget\" data-widget_type=\"heading.default\">\n\t\t\t\t\t<h4 class=\"elementor-heading-title elementor-size-default\">AKTUALNO\u015aCI<\/h4>\t\t\t\t<\/div>\n\t\t\t\t<\/a>\n\t\t<a class=\"elementor-element elementor-element-db7bcd5 e-flex e-con-boxed e-con e-child\" data-id=\"db7bcd5\" data-element_type=\"container\" href=\"https:\/\/www2.lubenia-biblioteka.pl\/index.php\/filia-siedliska\/\">\n\t\t\t\t\t<div class=\"e-con-inner\">\n\t\t\t\t<div class=\"elementor-element elementor-element-f67042c elementor-widget elementor-widget-heading\" data-id=\"f67042c\" data-element_type=\"widget\" data-widget_type=\"heading.default\">\n\t\t\t\t\t<h4 class=\"elementor-heading-title elementor-size-default\">FILIA SIEDLISKA<\/h4>\t\t\t\t<\/div>\n\t\t\t\t\t<\/div>\n\t\t\t\t<\/a>\n\t\t<a class=\"elementor-element elementor-element-f5425bb e-con-full e-flex e-con e-child\" data-id=\"f5425bb\" data-element_type=\"container\" href=\"https:\/\/www2.lubenia-biblioteka.pl\/index.php\/filia-w-straszydlu\/\">\n\t\t\t\t<div class=\"elementor-element elementor-element-3a989e7 elementor-widget elementor-widget-heading\" data-id=\"3a989e7\" data-element_type=\"widget\" data-widget_type=\"heading.default\">\n\t\t\t\t\t<h4 class=\"elementor-heading-title elementor-size-default\">FILIA STRASZYDLE<\/h4>\t\t\t\t<\/div>\n\t\t\t\t<\/a>\n\t\t<a class=\"elementor-element elementor-element-2066bdd e-con-full e-flex e-con e-child\" data-id=\"2066bdd\" data-element_type=\"container\" href=\"https:\/\/szukamksi\u0105\u017cki.pl\/SkNewWeb\/astart\/265\">\n\t\t\t\t<div class=\"elementor-element elementor-element-618416f elementor-widget elementor-widget-heading\" data-id=\"618416f\" data-element_type=\"widget\" data-widget_type=\"heading.default\">\n\t\t\t\t\t<h4 class=\"elementor-heading-title elementor-size-default\">KATALOG - ONLINE<\/h4>\t\t\t\t<\/div>\n\t\t\t\t<\/a>\n\t\t<a class=\"elementor-element elementor-element-3283dee e-con-full e-flex e-con e-child\" data-id=\"3283dee\" data-element_type=\"container\" href=\"https:\/\/www2.lubenia-biblioteka.pl\/index.php\/kontakt\/\">\n\t\t\t\t<div class=\"elementor-element elementor-element-1bda109 elementor-widget elementor-widget-heading\" data-id=\"1bda109\" data-element_type=\"widget\" data-widget_type=\"heading.default\">\n\t\t\t\t\t<h4 class=\"elementor-heading-title elementor-size-default\">KONTAKT<\/h4>\t\t\t\t<\/div>\n\t\t\t\t<\/a>\n\t\t<a class=\"elementor-element elementor-element-f6fccbb e-con-full e-flex e-con e-child\" data-id=\"f6fccbb\" data-element_type=\"container\" href=\"https:\/\/www2.lubenia-biblioteka.pl\/index.php\/o_nas\/\">\n\t\t\t\t<div class=\"elementor-element elementor-element-a3a2b49 elementor-widget elementor-widget-heading\" data-id=\"a3a2b49\" data-element_type=\"widget\" data-widget_type=\"heading.default\">\n\t\t\t\t\t<h4 class=\"elementor-heading-title elementor-size-default\">O NAS<\/h4>\t\t\t\t<\/div>\n\t\t\t\t<\/a>\n\t\t<a class=\"elementor-element elementor-element-41df622 e-con-full e-flex e-con e-child\" data-id=\"41df622\" data-element_type=\"container\" href=\"https:\/\/www2.lubenia-biblioteka.pl\/index.php\/relacje\/\">\n\t\t\t\t<div class=\"elementor-element elementor-element-10ba83e elementor-widget elementor-widget-heading\" data-id=\"10ba83e\" data-element_type=\"widget\" data-widget_type=\"heading.default\">\n\t\t\t\t\t<h4 class=\"elementor-heading-title elementor-size-default\">RELACJE<\/h4>\t\t\t\t<\/div>\n\t\t\t\t<\/a>\n\t\t<div class=\"elementor-element elementor-element-6308546 e-con-full e-flex e-con e-child\" data-id=\"6308546\" data-element_type=\"container\">\n\t\t\t\t<div class=\"elementor-element elementor-element-b9590d9 elementor-widget elementor-widget-heading\" data-id=\"b9590d9\" data-element_type=\"widget\" data-widget_type=\"heading.default\">\n\t\t\t\t\t<h4 class=\"elementor-heading-title elementor-size-default\">REGIONALIA<\/h4>\t\t\t\t<\/div>\n\t\t\t\t<\/div>\n\t\t<div class=\"elementor-element elementor-element-c3247cc e-con-full e-flex e-con e-child\" data-id=\"c3247cc\" data-element_type=\"container\">\n\t\t<div class=\"elementor-element elementor-element-3aea184 e-con-full e-flex e-con e-child\" data-id=\"3aea184\" data-element_type=\"container\">\n\t\t\t\t<div class=\"elementor-element elementor-element-f485f2f elementor-view-default elementor-widget elementor-widget-icon\" data-id=\"f485f2f\" data-element_type=\"widget\" data-widget_type=\"icon.default\">\n\t\t\t\t\t\t\t<div class=\"elementor-icon-wrapper\">\n\t\t\t<a class=\"elementor-icon\" href=\"https:\/\/www.facebook.com\/biblioteka.wlubeni\/?locale=pl_PL\" target=\"_blank\">\n\t\t\t<svg aria-hidden=\"true\" class=\"e-font-icon-svg e-fab-facebook-f\" viewBox=\"0 0 320 512\" xmlns=\"http:\/\/www.w3.org\/2000\/svg\"><path d=\"M279.14 288l14.22-92.66h-88.91v-60.13c0-25.35 12.42-50.06 52.24-50.06h40.42V6.26S260.43 0 225.36 0c-73.22 0-121.08 44.38-121.08 124.72v70.62H22.89V288h81.39v224h100.17V288z\"><\/path><\/svg>\t\t\t<\/a>\n\t\t<\/div>\n\t\t\t\t\t\t<\/div>\n\t\t\t\t<\/div>\n\t\t<div class=\"elementor-element elementor-element-6796753 e-con-full e-flex e-con e-child\" data-id=\"6796753\" data-element_type=\"container\">\n\t\t\t\t<div class=\"elementor-element elementor-element-1b60c5c elementor-widget elementor-widget-image\" data-id=\"1b60c5c\" data-element_type=\"widget\" data-widget_type=\"image.default\">\n\t\t\t\t\t\t\t\t\t\t\t\t\t\t\t\t<a href=\"https:\/\/www2.lubenia-biblioteka.pl\/index.php\/bip\/strona-glowna-bip\/\">\n\t\t\t\t\t\t\t<img decoding=\"async\" width=\"150\" height=\"64\" src=\"https:\/\/www2.lubenia-biblioteka.pl\/wp-content\/uploads\/2025\/12\/bipcz.png\" class=\"attachment-thumbnail size-thumbnail wp-image-482\" alt=\"\" \/>\t\t\t\t\t\t\t\t<\/a>\n\t\t\t\t\t\t\t\t\t\t\t\t\t\t\t<\/div>\n\t\t\t\t<\/div>\n\t\t\t\t<\/div>\n\t\t<div class=\"elementor-element elementor-element-9af7531 e-con-full e-flex e-con e-child\" data-id=\"9af7531\" data-element_type=\"container\">\n\t\t\t\t<div class=\"elementor-element elementor-element-9237c92 elementor-widget__width-initial elementor-widget elementor-widget-search\" data-id=\"9237c92\" data-element_type=\"widget\" data-settings=\"{&quot;submit_trigger&quot;:&quot;key_enter&quot;,&quot;pagination_type_options&quot;:&quot;none&quot;}\" data-widget_type=\"search.default\">\n\t\t\t\t\t\t\t<search class=\"e-search hidden\" role=\"search\">\n\t\t\t<form class=\"e-search-form\" action=\"https:\/\/www2.lubenia-biblioteka.pl\" method=\"get\">\n\n\t\t\t\t\n\t\t\t\t<label class=\"e-search-label\" for=\"search-9237c92\">\n\t\t\t\t\t<span class=\"elementor-screen-only\">\n\t\t\t\t\t\tSearch\t\t\t\t\t<\/span>\n\t\t\t\t\t<svg aria-hidden=\"true\" class=\"e-font-icon-svg e-fas-search-plus\" viewBox=\"0 0 512 512\" xmlns=\"http:\/\/www.w3.org\/2000\/svg\"><path d=\"M304 192v32c0 6.6-5.4 12-12 12h-56v56c0 6.6-5.4 12-12 12h-32c-6.6 0-12-5.4-12-12v-56h-56c-6.6 0-12-5.4-12-12v-32c0-6.6 5.4-12 12-12h56v-56c0-6.6 5.4-12 12-12h32c6.6 0 12 5.4 12 12v56h56c6.6 0 12 5.4 12 12zm201 284.7L476.7 505c-9.4 9.4-24.6 9.4-33.9 0L343 405.3c-4.5-4.5-7-10.6-7-17V372c-35.3 27.6-79.7 44-128 44C93.1 416 0 322.9 0 208S93.1 0 208 0s208 93.1 208 208c0 48.3-16.4 92.7-44 128h16.3c6.4 0 12.5 2.5 17 7l99.7 99.7c9.3 9.4 9.3 24.6 0 34zM344 208c0-75.2-60.8-136-136-136S72 132.8 72 208s60.8 136 136 136 136-60.8 136-136z\"><\/path><\/svg>\t\t\t\t<\/label>\n\n\t\t\t\t<div class=\"e-search-input-wrapper\">\n\t\t\t\t\t<input id=\"search-9237c92\" placeholder=\"Szukaj\" class=\"e-search-input\" type=\"search\" name=\"s\" value=\"\" autocomplete=\"off\" role=\"combobox\" aria-autocomplete=\"list\" aria-expanded=\"false\" aria-controls=\"results-9237c92\" aria-haspopup=\"listbox\">\n\t\t\t\t\t\t\t\t\t\t\t\t\t\t\t<output id=\"results-9237c92\" class=\"e-search-results-container hide-loader\" aria-live=\"polite\" aria-atomic=\"true\" aria-label=\"Results for search\" tabindex=\"0\">\n\t\t\t\t\t\t<div class=\"e-search-results\"><\/div>\n\t\t\t\t\t\t\t\t\t\t\t<\/output>\n\t\t\t\t\t\t\t\t\t<\/div>\n\t\t\t\t\n\t\t\t\t\n\t\t\t\t<button class=\"e-search-submit elementor-screen-only \" type=\"submit\" aria-label=\"Search\">\n\t\t\t\t\t\n\t\t\t\t\t\t\t\t\t<\/button>\n\t\t\t\t<input type=\"hidden\" name=\"e_search_props\" value=\"9237c92-277\">\n\t\t\t<\/form>\n\t\t<\/search>\n\t\t\t\t\t\t<\/div>\n\t\t\t\t<\/div>\n\t\t\t\t<\/div>\n\t\t\t\t\t<\/div>\n\t\t\t\t<\/div>\n\t\t\t\t<\/div>\n\t\t<\/div>\n\t\t\t\t\t\t<\/div>\n\t\t\t\t<\/div>\n\t\t<div class=\"elementor-element elementor-element-38501ec8 e-con-full e-flex e-con e-child\" data-id=\"38501ec8\" data-element_type=\"container\">\n\t\t\t\t<div class=\"elementor-element elementor-element-06aa503 elementor-widget elementor-widget-heading\" data-id=\"06aa503\" data-element_type=\"widget\" data-widget_type=\"heading.default\">\n\t\t\t\t\t<h2 class=\"elementor-heading-title elementor-size-default\">Stare fotografie<\/h2>\t\t\t\t<\/div>\n\t\t\t\t<div class=\"elementor-element elementor-element-cc34d84 elementor-widget elementor-widget-text-editor\" data-id=\"cc34d84\" data-element_type=\"widget\" data-widget_type=\"text-editor.default\">\n\t\t\t\t\t\t\t\t\t<p>Szanowni Pa\u0144stwo,<br \/><br \/>Mamy przyjemno\u015b\u0107 zaprosi\u0107 Was na e-wystaw\u0119 starej fotografii z lat 1928-1955 \u2013 Boles\u0142awa Wr\u00f3bla \u2013 fotografa i samouka z Lubeni.<br \/><br \/>Wystawa, kt\u00f3r\u0105 chcemy pa\u0144stwu zaprezentowa\u0107 to \u201e<em>pokazanie wycinka historii miejscowo\u015bci, gminy, regionu \u0142\u0105cz\u0105cej kilka dziedzin wiedzy z obszaru kultury ch\u0142opskiej, etnografii i antropologii wsi polskiej XX wieku. Autor zdj\u0119\u0107 \u2013 Boles\u0142aw Wr\u00f3bel z Lubeni, jako fotograf amator, samouk, w sztuce fotografii osi\u0105gn\u0105\u0142 bardzo wysoki poziom artystyczny. Dokumentuj\u0105c w obrazie mieszka\u0144c\u00f3w okre\u015blonego regionu, a tak\u017ce \u015brodowiska, w kt\u00f3rym \u017cy\u0142, sta\u0142 si\u0119 bezcennym kronikarzem dziej\u00f3w swojej \u201ema\u0142ej ojczyzny\u201d. Zdj\u0119cia te s\u0105 skarbem historii wsi i ch\u0142opskiego dorobku kultury materialnej i duchowej, ale tak\u017ce dorobku kultury narodowej. Wydanie albumu to zatrzymanie w materialnym<br \/>i intelektualnym wymiarze tego skarbu kultury dla przysz\u0142ych pokole\u0144.\u201d<br \/><br \/>Do albumu (\u2026) wybrano spo\u015br\u00f3d wszystkich wywo\u0142anych fotografii oko\u0142o 365 zdj\u0119\u0107. (\u2026)<br \/>Przy wyborze (\u2026) kierowano si\u0119 (\u2026) przede wszystkim uniwersaln\u0105 warto\u015bci\u0105, jak\u0105 bez w\u0105tpienia s\u0105 unikatowe zdj\u0119cia lube\u0144skiego pasjonata.(\u2026). Pozosta\u0142e znajd\u0105 si\u0119 na okazjonalnych wystawach\u2026, a wszystkie b\u0119d\u0105 dost\u0119pne dla ka\u017cdego, kto tylko zechce w zbiorach lube\u0144skiej biblioteki.<\/em><br \/>( tekst \u201eSzklany \u015bwiat Boles\u0142awa Wr\u00f3bla z Lubeni. Fotografie z lat 1928-1955\u201d)<br \/><br \/>E-wystawa sk\u0142ada\u0107 si\u0119 b\u0119dzie z\u00a0 cyklu\u00a0 kilku, tematycznie u\u0142o\u017conych prezentacji, kt\u00f3re b\u0119d\u0105 dodawane sukcesywnie.<br \/><br \/>Mamy nadziej\u0119, \u017ce dostarcz\u0105\u00a0 wiele emocji i przenis\u0105 w minione czasy.<\/p><div id=\"simple-translate\" class=\"simple-translate-system-theme\"><div><div class=\"simple-translate-button isShow\" style=\"background-image: url('chrome-extension:\/\/ibplnjkanclpjokhdolnendpplpjiace\/icons\/512.png'); height: 22px; width: 22px; top: 3px; left: -27px;\">\u00a0<\/div><div class=\"simple-translate-panel \" style=\"width: 300px; height: 200px; top: 0px; left: 0px; font-size: 13px;\"><div class=\"simple-translate-result-wrapper\" style=\"overflow: hidden;\"><div class=\"simple-translate-move\" draggable=\"true\">\u00a0<\/div><div class=\"simple-translate-result-contents\"><p class=\"simple-translate-result\" dir=\"auto\">\u00a0<\/p><p class=\"simple-translate-candidate\" dir=\"auto\">\u00a0<\/p><\/div><\/div><\/div><\/div><\/div>\t\t\t\t\t\t\t\t<\/div>\n\t\t\t\t<\/div>\n\t\t\t\t\t<\/div>\n\t\t\t\t<\/div>\n\t\t<div class=\"elementor-element elementor-element-3275eb52 e-flex e-con-boxed e-con e-parent\" data-id=\"3275eb52\" data-element_type=\"container\">\n\t\t\t\t\t<div class=\"e-con-inner\">\n\t\t\t\t<div class=\"elementor-element elementor-element-b9ad847 elementor-widget elementor-widget-heading\" data-id=\"b9ad847\" data-element_type=\"widget\" data-widget_type=\"heading.default\">\n\t\t\t\t\t<h2 class=\"elementor-heading-title elementor-size-default\">Wsp\u00f3\u0142pracujemy<\/h2>\t\t\t\t<\/div>\n\t\t<div class=\"elementor-element elementor-element-7b7e6340 e-con-full e-flex e-con e-child\" data-id=\"7b7e6340\" data-element_type=\"container\">\n\t\t\t\t<div class=\"elementor-element elementor-element-3a3c2bef elementor-widget__width-initial elementor-widget elementor-widget-image\" data-id=\"3a3c2bef\" data-element_type=\"widget\" data-widget_type=\"image.default\">\n\t\t\t\t\t\t\t\t\t\t\t\t\t\t\t\t<a href=\"https:\/\/samorzad.gov.pl\/web\/gmina-lubenia\">\n\t\t\t\t\t\t\t<img fetchpriority=\"high\" decoding=\"async\" width=\"959\" height=\"984\" src=\"https:\/\/www2.lubenia-biblioteka.pl\/wp-content\/uploads\/2025\/11\/gm_logo_color_rgb.jpg\" class=\"attachment-large size-large wp-image-250\" alt=\"\" \/>\t\t\t\t\t\t\t\t<\/a>\n\t\t\t\t\t\t\t\t\t\t\t\t\t\t\t<\/div>\n\t\t\t\t<div class=\"elementor-element elementor-element-737d18cc elementor-widget__width-initial elementor-widget elementor-widget-image\" data-id=\"737d18cc\" data-element_type=\"widget\" data-widget_type=\"image.default\">\n\t\t\t\t\t\t\t\t\t\t\t\t\t\t\t\t<a href=\"https:\/\/goklubenia.pl\/\">\n\t\t\t\t\t\t\t<img loading=\"lazy\" decoding=\"async\" width=\"158\" height=\"93\" src=\"https:\/\/www2.lubenia-biblioteka.pl\/wp-content\/uploads\/2025\/11\/Obraz1.png\" class=\"attachment-large size-large wp-image-251\" alt=\"\" \/>\t\t\t\t\t\t\t\t<\/a>\n\t\t\t\t\t\t\t\t\t\t\t\t\t\t\t<\/div>\n\t\t\t\t<div class=\"elementor-element elementor-element-641890b9 elementor-widget__width-initial elementor-widget elementor-widget-image\" data-id=\"641890b9\" data-element_type=\"widget\" data-widget_type=\"image.default\">\n\t\t\t\t\t\t\t\t\t\t\t\t\t\t\t\t<a href=\"https:\/\/www.wimbp.rzeszow.pl\/\">\n\t\t\t\t\t\t\t<img loading=\"lazy\" decoding=\"async\" width=\"353\" height=\"400\" src=\"https:\/\/www2.lubenia-biblioteka.pl\/wp-content\/uploads\/2025\/11\/Obraz22.png\" class=\"attachment-large size-large wp-image-252\" alt=\"\" \/>\t\t\t\t\t\t\t\t<\/a>\n\t\t\t\t\t\t\t\t\t\t\t\t\t\t\t<\/div>\n\t\t\t\t<div class=\"elementor-element elementor-element-a75c240 elementor-widget__width-initial elementor-widget elementor-widget-image\" data-id=\"a75c240\" data-element_type=\"widget\" data-widget_type=\"image.default\">\n\t\t\t\t\t\t\t\t\t\t\t\t\t\t\t\t<a href=\"https:\/\/www.instytutksiazki.pl\/\">\n\t\t\t\t\t\t\t<img loading=\"lazy\" decoding=\"async\" width=\"241\" height=\"108\" src=\"https:\/\/www2.lubenia-biblioteka.pl\/wp-content\/uploads\/2025\/11\/Obraz6.jpg\" class=\"attachment-large size-large wp-image-254\" alt=\"\" \/>\t\t\t\t\t\t\t\t<\/a>\n\t\t\t\t\t\t\t\t\t\t\t\t\t\t\t<\/div>\n\t\t\t\t<div class=\"elementor-element elementor-element-40267272 elementor-widget__width-initial elementor-widget elementor-widget-image\" data-id=\"40267272\" data-element_type=\"widget\" data-widget_type=\"image.default\">\n\t\t\t\t\t\t\t\t\t\t\t\t\t\t\t\t<a href=\"https:\/\/www.sbp.pl\/\">\n\t\t\t\t\t\t\t<img loading=\"lazy\" decoding=\"async\" width=\"223\" height=\"249\" src=\"https:\/\/www2.lubenia-biblioteka.pl\/wp-content\/uploads\/2025\/11\/Obraz7.jpg\" class=\"attachment-large size-large wp-image-255\" alt=\"\" \/>\t\t\t\t\t\t\t\t<\/a>\n\t\t\t\t\t\t\t\t\t\t\t\t\t\t\t<\/div>\n\t\t\t\t<div class=\"elementor-element elementor-element-6dce6887 elementor-widget elementor-widget-image\" data-id=\"6dce6887\" data-element_type=\"widget\" data-widget_type=\"image.default\">\n\t\t\t\t\t\t\t\t\t\t\t\t\t\t\t\t<a href=\"https:\/\/www.bn.org.pl\/\">\n\t\t\t\t\t\t\t<img loading=\"lazy\" decoding=\"async\" width=\"454\" height=\"241\" src=\"https:\/\/www2.lubenia-biblioteka.pl\/wp-content\/uploads\/2025\/11\/Obraz3.png\" class=\"attachment-large size-large wp-image-256\" alt=\"\" \/>\t\t\t\t\t\t\t\t<\/a>\n\t\t\t\t\t\t\t\t\t\t\t\t\t\t\t<\/div>\n\t\t\t\t<div class=\"elementor-element elementor-element-58692933 elementor-widget elementor-widget-image\" data-id=\"58692933\" data-element_type=\"widget\" data-widget_type=\"image.default\">\n\t\t\t\t\t\t\t\t\t\t\t\t\t\t\t\t<a href=\"https:\/\/nck.pl\/\">\n\t\t\t\t\t\t\t<img loading=\"lazy\" decoding=\"async\" width=\"410\" height=\"169\" src=\"https:\/\/www2.lubenia-biblioteka.pl\/wp-content\/uploads\/2025\/11\/Obraz5.png\" class=\"attachment-large size-large wp-image-253\" alt=\"\" \/>\t\t\t\t\t\t\t\t<\/a>\n\t\t\t\t\t\t\t\t\t\t\t\t\t\t\t<\/div>\n\t\t\t\t<\/div>\n\t\t\t\t\t<\/div>\n\t\t\t\t<\/div>\n\t\t\t\t<\/div>\n\t\t","protected":false},"excerpt":{"rendered":"<p>Stare fotografie Szanowni Pa\u0144stwo, Mamy przyjemno\u015b\u0107 zaprosi\u0107 Was na e-wystaw\u0119 starej fotografii z lat 1928-1955 \u2013 Boles\u0142awa Wr\u00f3bla \u2013 fotografa i samouka z Lubeni. Wystawa, kt\u00f3r\u0105 chcemy pa\u0144stwu zaprezentowa\u0107 to \u201epokazanie wycinka historii miejscowo\u015bci, gminy, regionu \u0142\u0105cz\u0105cej kilka dziedzin wiedzy z obszaru kultury ch\u0142opskiej, etnografii i antropologii wsi polskiej XX wieku. Autor zdj\u0119\u0107 \u2013 Boles\u0142aw [&hellip;]<\/p>\n","protected":false},"author":1,"featured_media":0,"parent":0,"menu_order":0,"comment_status":"closed","ping_status":"closed","template":"","meta":{"site-sidebar-layout":"no-sidebar","site-content-layout":"","ast-site-content-layout":"full-width-container","site-content-style":"default","site-sidebar-style":"default","ast-global-header-display":"","ast-banner-title-visibility":"","ast-main-header-display":"","ast-hfb-above-header-display":"","ast-hfb-below-header-display":"","ast-hfb-mobile-header-display":"","site-post-title":"","ast-breadcrumbs-content":"","ast-featured-img":"disabled","footer-sml-layout":"","theme-transparent-header-meta":"","adv-header-id-meta":"","stick-header-meta":"","header-above-stick-meta":"","header-main-stick-meta":"","header-below-stick-meta":"","astra-migrate-meta-layouts":"default","ast-page-background-enabled":"default","ast-page-background-meta":{"desktop":{"background-color":"var(--ast-global-color-5)","background-image":"","background-repeat":"repeat","background-position":"center center","background-size":"auto","background-attachment":"scroll","background-type":"","background-media":"","overlay-type":"","overlay-color":"","overlay-opacity":"","overlay-gradient":""},"tablet":{"background-color":"","background-image":"","background-repeat":"repeat","background-position":"center center","background-size":"auto","background-attachment":"scroll","background-type":"","background-media":"","overlay-type":"","overlay-color":"","overlay-opacity":"","overlay-gradient":""},"mobile":{"background-color":"","background-image":"","background-repeat":"repeat","background-position":"center center","background-size":"auto","background-attachment":"scroll","background-type":"","background-media":"","overlay-type":"","overlay-color":"","overlay-opacity":"","overlay-gradient":""}},"ast-content-background-meta":{"desktop":{"background-color":"var(--ast-global-color-4)","background-image":"","background-repeat":"repeat","background-position":"center center","background-size":"auto","background-attachment":"scroll","background-type":"","background-media":"","overlay-type":"","overlay-color":"","overlay-opacity":"","overlay-gradient":""},"tablet":{"background-color":"var(--ast-global-color-4)","background-image":"","background-repeat":"repeat","background-position":"center center","background-size":"auto","background-attachment":"scroll","background-type":"","background-media":"","overlay-type":"","overlay-color":"","overlay-opacity":"","overlay-gradient":""},"mobile":{"background-color":"var(--ast-global-color-4)","background-image":"","background-repeat":"repeat","background-position":"center center","background-size":"auto","background-attachment":"scroll","background-type":"","background-media":"","overlay-type":"","overlay-color":"","overlay-opacity":"","overlay-gradient":""}},"footnotes":""},"class_list":["post-1100","page","type-page","status-publish","hentry"],"_links":{"self":[{"href":"https:\/\/www2.lubenia-biblioteka.pl\/index.php\/wp-json\/wp\/v2\/pages\/1100","targetHints":{"allow":["GET"]}}],"collection":[{"href":"https:\/\/www2.lubenia-biblioteka.pl\/index.php\/wp-json\/wp\/v2\/pages"}],"about":[{"href":"https:\/\/www2.lubenia-biblioteka.pl\/index.php\/wp-json\/wp\/v2\/types\/page"}],"author":[{"embeddable":true,"href":"https:\/\/www2.lubenia-biblioteka.pl\/index.php\/wp-json\/wp\/v2\/users\/1"}],"replies":[{"embeddable":true,"href":"https:\/\/www2.lubenia-biblioteka.pl\/index.php\/wp-json\/wp\/v2\/comments?post=1100"}],"version-history":[{"count":4,"href":"https:\/\/www2.lubenia-biblioteka.pl\/index.php\/wp-json\/wp\/v2\/pages\/1100\/revisions"}],"predecessor-version":[{"id":1104,"href":"https:\/\/www2.lubenia-biblioteka.pl\/index.php\/wp-json\/wp\/v2\/pages\/1100\/revisions\/1104"}],"wp:attachment":[{"href":"https:\/\/www2.lubenia-biblioteka.pl\/index.php\/wp-json\/wp\/v2\/media?parent=1100"}],"curies":[{"name":"wp","href":"https:\/\/api.w.org\/{rel}","templated":true}]}}